{"id":6071,"date":"2025-04-04T01:29:16","date_gmt":"2025-04-04T04:29:16","guid":{"rendered":"https:\/\/mccloud.cl\/rse\/?page_id=6071"},"modified":"2025-04-04T01:37:53","modified_gmt":"2025-04-04T04:37:53","slug":"como-llegar","status":"publish","type":"page","link":"https:\/\/mccloud.cl\/rse\/como-llegar\/","title":{"rendered":"C\u00f3mo llegar"},"content":{"rendered":"\t\t<div data-elementor-type=\"wp-page\" data-elementor-id=\"6071\" class=\"elementor elementor-6071\" data-elementor-post-type=\"page\">\n\t\t\t\t\t\t<section class=\"elementor-section elementor-top-section elementor-element elementor-element-1a692ad9 elementor-section-boxed elementor-section-height-default elementor-section-height-default\" data-id=\"1a692ad9\" data-element_type=\"section\" data-settings=\"{&quot;background_background&quot;:&quot;classic&quot;}\">\n\t\t\t\t\t\t<div class=\"elementor-container elementor-column-gap-wider\">\n\t\t\t\t\t<div class=\"elementor-column elementor-col-100 elementor-top-column elementor-element elementor-element-403de699\" data-id=\"403de699\" data-element_type=\"column\">\n\t\t\t<div class=\"elementor-widget-wrap elementor-element-populated\">\n\t\t\t\t\t\t<div class=\"elementor-element elementor-element-7ba38b14 elementor-widget__width-auto elementor-widget elementor-widget-heading\" data-id=\"7ba38b14\" data-element_type=\"widget\" data-widget_type=\"heading.default\">\n\t\t\t\t<div class=\"elementor-widget-container\">\n\t\t\t\t\t<h2 class=\"elementor-heading-title elementor-size-default\">Acerca de Concepci\u00f3n<\/h2>\t\t\t\t<\/div>\n\t\t\t\t<\/div>\n\t\t\t\t<div class=\"elementor-element elementor-element-52f43b1a elementor-widget elementor-widget-spacer\" data-id=\"52f43b1a\" data-element_type=\"widget\" data-widget_type=\"spacer.default\">\n\t\t\t\t<div class=\"elementor-widget-container\">\n\t\t\t\t\t\t\t<div class=\"elementor-spacer\">\n\t\t\t<div class=\"elementor-spacer-inner\"><\/div>\n\t\t<\/div>\n\t\t\t\t\t\t<\/div>\n\t\t\t\t<\/div>\n\t\t\t\t<div class=\"elementor-element elementor-element-24ab477 elementor-widget elementor-widget-text-editor\" data-id=\"24ab477\" data-element_type=\"widget\" data-widget_type=\"text-editor.default\">\n\t\t\t\t<div class=\"elementor-widget-container\">\n\t\t\t\t\t\t\t\t\t<p class=\"\" data-start=\"0\" data-end=\"246\">Concepci\u00f3n es una de las principales ciudades del sur de Chile, ubicada en la Regi\u00f3n del Biob\u00edo. Es un importante centro urbano, industrial y universitario, con una rica vida cultural y una ubicaci\u00f3n estrat\u00e9gica cerca de la costa y el r\u00edo Biob\u00edo.<\/p><p class=\"\" data-start=\"248\" data-end=\"713\">La ciudad cuenta con el <strong data-start=\"272\" data-end=\"298\">Aeropuerto Carriel Sur<\/strong>, el segundo m\u00e1s importante del pa\u00eds despu\u00e9s del de Santiago. Este aeropuerto, ubicado en la vecina comuna de Talcahuano, conecta a Concepci\u00f3n con varios destinos nacionales, como Santiago, Antofagasta y Puerto Montt, y algunos internacionales en ciertas temporadas. Sus modernas instalaciones permiten un flujo constante de pasajeros y lo posicionan como un punto clave para el transporte a\u00e9reo en el sur de Chile.<\/p><p class=\"\" data-start=\"0\" data-end=\"246\"><span style=\"color: var(--the7-base-color); letter-spacing: var(--the7-base-letter-spacing); text-transform: var(--the7-base-text-transform); word-spacing: normal;\">En cuanto al transporte terrestre, <\/span><strong style=\"color: var(--the7-base-color); letter-spacing: var(--the7-base-letter-spacing); text-transform: var(--the7-base-text-transform); word-spacing: normal;\" data-start=\"750\" data-end=\"772\">el Terminal Collao<\/strong><span style=\"color: var(--the7-base-color); letter-spacing: var(--the7-base-letter-spacing); text-transform: var(--the7-base-text-transform); word-spacing: normal;\"> es el principal terminal de buses de la ciudad. Desde all\u00ed, salen y llegan buses que conectan Concepci\u00f3n con diversas ciudades del pa\u00eds, incluyendo Santiago, Temuco, Valdivia y otras localidades de la regi\u00f3n. Es un punto neur\u00e1lgico para los viajeros y cuenta con servicios b\u00e1sicos, tiendas y acceso a transporte urbano.<\/span><\/p><p class=\"\" data-start=\"1094\" data-end=\"1229\">En conjunto, el aeropuerto y el terminal de buses refuerzan el rol de Concepci\u00f3n como un nodo clave de conectividad en el sur del pa\u00eds.<\/p>\t\t\t\t\t\t\t\t<\/div>\n\t\t\t\t<\/div>\n\t\t\t\t\t<\/div>\n\t\t<\/div>\n\t\t\t\t\t<\/div>\n\t\t<\/section>\n\t\t\t\t<section class=\"elementor-section elementor-top-section elementor-element elementor-element-1dec40a elementor-section-boxed elementor-section-height-default elementor-section-height-default\" data-id=\"1dec40a\" data-element_type=\"section\" data-settings=\"{&quot;background_background&quot;:&quot;classic&quot;}\">\n\t\t\t\t\t\t<div class=\"elementor-container elementor-column-gap-wider\">\n\t\t\t\t\t<div class=\"elementor-column elementor-col-100 elementor-top-column elementor-element elementor-element-75b0898\" data-id=\"75b0898\" data-element_type=\"column\">\n\t\t\t<div class=\"elementor-widget-wrap elementor-element-populated\">\n\t\t\t\t\t\t<div class=\"elementor-element elementor-element-3dc3086 elementor-widget__width-auto elementor-widget elementor-widget-heading\" data-id=\"3dc3086\" data-element_type=\"widget\" data-widget_type=\"heading.default\">\n\t\t\t\t<div class=\"elementor-widget-container\">\n\t\t\t\t\t<h2 class=\"elementor-heading-title elementor-size-default\">Campus Concepci\u00f3n Universidad del B\u00edo-B\u00edo (Avda. Collao 1202)<\/h2>\t\t\t\t<\/div>\n\t\t\t\t<\/div>\n\t\t\t\t<div class=\"elementor-element elementor-element-6e47767 elementor-widget elementor-widget-spacer\" data-id=\"6e47767\" data-element_type=\"widget\" data-widget_type=\"spacer.default\">\n\t\t\t\t<div class=\"elementor-widget-container\">\n\t\t\t\t\t\t\t<div class=\"elementor-spacer\">\n\t\t\t<div class=\"elementor-spacer-inner\"><\/div>\n\t\t<\/div>\n\t\t\t\t\t\t<\/div>\n\t\t\t\t<\/div>\n\t\t\t\t<div class=\"elementor-element elementor-element-85c9f13 elementor-widget__width-inherit elementor-widget elementor-widget-google_maps\" data-id=\"85c9f13\" data-element_type=\"widget\" data-widget_type=\"google_maps.default\">\n\t\t\t\t<div class=\"elementor-widget-container\">\n\t\t\t\t\t\t\t<div class=\"elementor-custom-embed\">\n\t\t\t<iframe loading=\"lazy\"\n\t\t\t\t\tsrc=\"https:\/\/maps.google.com\/maps?q=universidad%20del%20Biob%C3%ADo&#038;t=m&#038;z=15&#038;output=embed&#038;iwloc=near\"\n\t\t\t\t\ttitle=\"universidad del Biob\u00edo\"\n\t\t\t\t\taria-label=\"universidad del Biob\u00edo\"\n\t\t\t><\/iframe>\n\t\t<\/div>\n\t\t\t\t\t\t<\/div>\n\t\t\t\t<\/div>\n\t\t\t\t\t<\/div>\n\t\t<\/div>\n\t\t\t\t\t<\/div>\n\t\t<\/section>\n\t\t\t\t<\/div>\n\t\t","protected":false},"excerpt":{"rendered":"<p>Acerca de Concepci\u00f3n Concepci\u00f3n es una de las principales ciudades del sur de Chile, ubicada en la Regi\u00f3n del Biob\u00edo. Es un importante centro urbano, industrial y universitario, con una rica vida cultural y una ubicaci\u00f3n estrat\u00e9gica cerca de la costa y el r\u00edo Biob\u00edo. La ciudad cuenta con el Aeropuerto Carriel Sur, el segundo&hellip;<\/p>\n","protected":false},"author":1,"featured_media":0,"parent":0,"menu_order":70,"comment_status":"closed","ping_status":"closed","template":"","meta":{"footnotes":""},"class_list":["post-6071","page","type-page","status-publish","hentry"],"_links":{"self":[{"href":"https:\/\/mccloud.cl\/rse\/wp-json\/wp\/v2\/pages\/6071","targetHints":{"allow":["GET"]}}],"collection":[{"href":"https:\/\/mccloud.cl\/rse\/wp-json\/wp\/v2\/pages"}],"about":[{"href":"https:\/\/mccloud.cl\/rse\/wp-json\/wp\/v2\/types\/page"}],"author":[{"embeddable":true,"href":"https:\/\/mccloud.cl\/rse\/wp-json\/wp\/v2\/users\/1"}],"replies":[{"embeddable":true,"href":"https:\/\/mccloud.cl\/rse\/wp-json\/wp\/v2\/comments?post=6071"}],"version-history":[{"count":4,"href":"https:\/\/mccloud.cl\/rse\/wp-json\/wp\/v2\/pages\/6071\/revisions"}],"predecessor-version":[{"id":6075,"href":"https:\/\/mccloud.cl\/rse\/wp-json\/wp\/v2\/pages\/6071\/revisions\/6075"}],"wp:attachment":[{"href":"https:\/\/mccloud.cl\/rse\/wp-json\/wp\/v2\/media?parent=6071"}],"curies":[{"name":"wp","href":"https:\/\/api.w.org\/{rel}","templated":true}]}}