{"id":4568,"date":"2020-02-15T10:36:10","date_gmt":"2020-02-15T10:36:10","guid":{"rendered":"https:\/\/mccloud.cl\/rse\/about\/"},"modified":"2025-04-10T19:13:26","modified_gmt":"2025-04-10T22:13:26","slug":"metodologia","status":"publish","type":"page","link":"https:\/\/mccloud.cl\/rse\/metodologia\/","title":{"rendered":"Metodolog\u00eda"},"content":{"rendered":"\t\t<div data-elementor-type=\"wp-page\" data-elementor-id=\"4568\" class=\"elementor elementor-4568\" data-elementor-post-type=\"page\">\n\t\t\t\t\t\t<section class=\"elementor-section elementor-top-section elementor-element elementor-element-1e12c372 elementor-section-boxed elementor-section-height-default elementor-section-height-default\" data-id=\"1e12c372\" data-element_type=\"section\" data-settings=\"{&quot;background_background&quot;:&quot;classic&quot;}\">\n\t\t\t\t\t\t<div class=\"elementor-container elementor-column-gap-wider\">\n\t\t\t\t\t<div class=\"elementor-column elementor-col-50 elementor-top-column elementor-element elementor-element-3fc027d0\" data-id=\"3fc027d0\" data-element_type=\"column\">\n\t\t\t<div class=\"elementor-widget-wrap elementor-element-populated\">\n\t\t\t\t\t\t<div class=\"elementor-element elementor-element-4294d0c8 elementor-widget elementor-widget-spacer\" data-id=\"4294d0c8\" data-element_type=\"widget\" data-widget_type=\"spacer.default\">\n\t\t\t\t<div class=\"elementor-widget-container\">\n\t\t\t\t\t\t\t<div class=\"elementor-spacer\">\n\t\t\t<div class=\"elementor-spacer-inner\"><\/div>\n\t\t<\/div>\n\t\t\t\t\t\t<\/div>\n\t\t\t\t<\/div>\n\t\t\t\t<div class=\"elementor-element elementor-element-76b777f2 elementor-widget elementor-widget-text-editor\" data-id=\"76b777f2\" data-element_type=\"widget\" data-widget_type=\"text-editor.default\">\n\t\t\t\t<div class=\"elementor-widget-container\">\n\t\t\t\t\t\t\t\t\t<p>Las investigaciones presentadas pasar\u00e1n primero una revisi\u00f3n doble ciega por los miembros del comit\u00e9 cient\u00edfico, posteriormente se les comunicar\u00e1 a autores que cumplan los requisitos las recomendaciones pertinentes y su aceptaci\u00f3n para presentaci\u00f3n. La presentaci\u00f3n podr\u00e1 ser de forma virtual o presencial de acuerdo al Programa de Exposici\u00f3n publicado.<\/p>\t\t\t\t\t\t\t\t<\/div>\n\t\t\t\t<\/div>\n\t\t\t\t\t<\/div>\n\t\t<\/div>\n\t\t\t\t<div class=\"elementor-column elementor-col-50 elementor-top-column elementor-element elementor-element-1ec34987\" data-id=\"1ec34987\" data-element_type=\"column\">\n\t\t\t<div class=\"elementor-widget-wrap elementor-element-populated\">\n\t\t\t\t\t\t<div class=\"elementor-element elementor-element-42ca83bc elementor-widget__width-initial elementor-widget elementor-widget-image\" data-id=\"42ca83bc\" data-element_type=\"widget\" data-widget_type=\"image.default\">\n\t\t\t\t<div class=\"elementor-widget-container\">\n\t\t\t\t\t\t\t\t\t\t\t\t\t\t\t<img fetchpriority=\"high\" decoding=\"async\" width=\"1024\" height=\"1024\" src=\"https:\/\/mccloud.cl\/rse\/wp-content\/uploads\/2025\/04\/RRSS_post_cuadrado-3-1024x1024.png\" class=\"attachment-large size-large wp-image-6180\" alt=\"\" srcset=\"https:\/\/mccloud.cl\/rse\/wp-content\/uploads\/2025\/04\/RRSS_post_cuadrado-3-1024x1024.png 1024w, https:\/\/mccloud.cl\/rse\/wp-content\/uploads\/2025\/04\/RRSS_post_cuadrado-3-300x300.png 300w, https:\/\/mccloud.cl\/rse\/wp-content\/uploads\/2025\/04\/RRSS_post_cuadrado-3-150x150.png 150w, https:\/\/mccloud.cl\/rse\/wp-content\/uploads\/2025\/04\/RRSS_post_cuadrado-3-768x768.png 768w, https:\/\/mccloud.cl\/rse\/wp-content\/uploads\/2025\/04\/RRSS_post_cuadrado-3.png 1080w\" sizes=\"(max-width: 1024px) 100vw, 1024px\" \/>\t\t\t\t\t\t\t\t\t\t\t\t\t\t\t<\/div>\n\t\t\t\t<\/div>\n\t\t\t\t\t<\/div>\n\t\t<\/div>\n\t\t\t\t\t<\/div>\n\t\t<\/section>\n\t\t\t\t<section class=\"elementor-section elementor-top-section elementor-element elementor-element-14f71562 elementor-section-content-middle elementor-section-boxed elementor-section-height-default elementor-section-height-default\" data-id=\"14f71562\" data-element_type=\"section\" data-settings=\"{&quot;background_background&quot;:&quot;classic&quot;}\">\n\t\t\t\t\t\t\t<div class=\"elementor-background-overlay\"><\/div>\n\t\t\t\t\t\t\t<div class=\"elementor-container elementor-column-gap-wider\">\n\t\t\t\t\t<div class=\"elementor-column elementor-col-33 elementor-top-column elementor-element elementor-element-257a00fa\" data-id=\"257a00fa\" data-element_type=\"column\">\n\t\t\t<div class=\"elementor-widget-wrap elementor-element-populated\">\n\t\t\t\t\t\t<div class=\"elementor-element elementor-element-36dd476c elementor-widget elementor-widget-heading\" data-id=\"36dd476c\" data-element_type=\"widget\" data-widget_type=\"heading.default\">\n\t\t\t\t<div class=\"elementor-widget-container\">\n\t\t\t\t\t<h3 class=\"elementor-heading-title elementor-size-default\">Desde el 23 al 24 octubre<\/h3>\t\t\t\t<\/div>\n\t\t\t\t<\/div>\n\t\t\t\t\t<\/div>\n\t\t<\/div>\n\t\t\t\t<div class=\"elementor-column elementor-col-33 elementor-top-column elementor-element elementor-element-4ade245f\" data-id=\"4ade245f\" data-element_type=\"column\">\n\t\t\t<div class=\"elementor-widget-wrap elementor-element-populated\">\n\t\t\t\t\t\t<div class=\"elementor-element elementor-element-7110e549 elementor-align-right elementor-mobile-align-center elementor-widget elementor-widget-the7_button_widget\" data-id=\"7110e549\" data-element_type=\"widget\" data-widget_type=\"the7_button_widget.default\">\n\t\t\t\t<div class=\"elementor-widget-container\">\n\t\t\t\t\t<div class=\"elementor-button-wrapper\"><a href=\"https:\/\/mccloud.cl\/rse\/inversion-e-inscripcion\/\" class=\"box-button elementor-button elementor-size-lg\">Inscripciones<svg aria-hidden=\"true\" class=\"elementor-button-icon e-font-icon-svg e-far-check-square\" viewBox=\"0 0 448 512\" xmlns=\"http:\/\/www.w3.org\/2000\/svg\"><path d=\"M400 32H48C21.49 32 0 53.49 0 80v352c0 26.51 21.49 48 48 48h352c26.51 0 48-21.49 48-48V80c0-26.51-21.49-48-48-48zm0 400H48V80h352v352zm-35.864-241.724L191.547 361.48c-4.705 4.667-12.303 4.637-16.97-.068l-90.781-91.516c-4.667-4.705-4.637-12.303.069-16.971l22.719-22.536c4.705-4.667 12.303-4.637 16.97.069l59.792 60.277 141.352-140.216c4.705-4.667 12.303-4.637 16.97.068l22.536 22.718c4.667 4.706 4.637 12.304-.068 16.971z\"><\/path><\/svg><\/a><\/div>\t\t\t\t<\/div>\n\t\t\t\t<\/div>\n\t\t\t\t\t<\/div>\n\t\t<\/div>\n\t\t\t\t<div class=\"elementor-column elementor-col-33 elementor-top-column elementor-element elementor-element-58f7a9fe\" data-id=\"58f7a9fe\" data-element_type=\"column\">\n\t\t\t<div class=\"elementor-widget-wrap elementor-element-populated\">\n\t\t\t\t\t\t<div class=\"elementor-element elementor-element-4af5fa45 elementor-align-right elementor-mobile-align-center elementor-widget__width-initial elementor-widget elementor-widget-the7_button_widget\" data-id=\"4af5fa45\" data-element_type=\"widget\" data-widget_type=\"the7_button_widget.default\">\n\t\t\t\t<div class=\"elementor-widget-container\">\n\t\t\t\t\t<div class=\"elementor-button-wrapper\"><button class=\"box-button elementor-button elementor-size-lg\">Descargar Brochure<svg aria-hidden=\"true\" class=\"elementor-button-icon e-font-icon-svg e-far-clone\" viewBox=\"0 0 512 512\" xmlns=\"http:\/\/www.w3.org\/2000\/svg\"><path d=\"M464 0H144c-26.51 0-48 21.49-48 48v48H48c-26.51 0-48 21.49-48 48v320c0 26.51 21.49 48 48 48h320c26.51 0 48-21.49 48-48v-48h48c26.51 0 48-21.49 48-48V48c0-26.51-21.49-48-48-48zM362 464H54a6 6 0 0 1-6-6V150a6 6 0 0 1 6-6h42v224c0 26.51 21.49 48 48 48h224v42a6 6 0 0 1-6 6zm96-96H150a6 6 0 0 1-6-6V54a6 6 0 0 1 6-6h308a6 6 0 0 1 6 6v308a6 6 0 0 1-6 6z\"><\/path><\/svg><\/button><\/div>\t\t\t\t<\/div>\n\t\t\t\t<\/div>\n\t\t\t\t\t<\/div>\n\t\t<\/div>\n\t\t\t\t\t<\/div>\n\t\t<\/section>\n\t\t\t\t<\/div>\n\t\t","protected":false},"excerpt":{"rendered":"<p>Las investigaciones presentadas pasar\u00e1n primero una revisi\u00f3n doble ciega por los miembros del comit\u00e9 cient\u00edfico, posteriormente se les comunicar\u00e1 a autores que cumplan los requisitos las recomendaciones pertinentes y su aceptaci\u00f3n para presentaci\u00f3n. La presentaci\u00f3n podr\u00e1 ser de forma virtual o presencial de acuerdo al Programa de Exposici\u00f3n publicado. Desde el 23 al 24 octubre&hellip;<\/p>\n","protected":false},"author":1,"featured_media":0,"parent":0,"menu_order":20,"comment_status":"closed","ping_status":"closed","template":"","meta":{"footnotes":""},"class_list":["post-4568","page","type-page","status-publish","hentry"],"_links":{"self":[{"href":"https:\/\/mccloud.cl\/rse\/wp-json\/wp\/v2\/pages\/4568","targetHints":{"allow":["GET"]}}],"collection":[{"href":"https:\/\/mccloud.cl\/rse\/wp-json\/wp\/v2\/pages"}],"about":[{"href":"https:\/\/mccloud.cl\/rse\/wp-json\/wp\/v2\/types\/page"}],"author":[{"embeddable":true,"href":"https:\/\/mccloud.cl\/rse\/wp-json\/wp\/v2\/users\/1"}],"replies":[{"embeddable":true,"href":"https:\/\/mccloud.cl\/rse\/wp-json\/wp\/v2\/comments?post=4568"}],"version-history":[{"count":28,"href":"https:\/\/mccloud.cl\/rse\/wp-json\/wp\/v2\/pages\/4568\/revisions"}],"predecessor-version":[{"id":6183,"href":"https:\/\/mccloud.cl\/rse\/wp-json\/wp\/v2\/pages\/4568\/revisions\/6183"}],"wp:attachment":[{"href":"https:\/\/mccloud.cl\/rse\/wp-json\/wp\/v2\/media?parent=4568"}],"curies":[{"name":"wp","href":"https:\/\/api.w.org\/{rel}","templated":true}]}}