{"id":3402,"date":"2021-04-28T12:25:58","date_gmt":"2021-04-28T11:25:58","guid":{"rendered":"https:\/\/the7.io\/online-courses\/?page_id=3402"},"modified":"2024-10-17T00:46:40","modified_gmt":"2024-10-17T00:46:40","slug":"formaciones-odm-academy","status":"publish","type":"page","link":"https:\/\/mccloud.cl\/orquidea\/formaciones-odm-academy\/","title":{"rendered":"Formaciones ODM ACADEMY"},"content":{"rendered":"\t\t<div data-elementor-type=\"wp-page\" data-elementor-id=\"3402\" class=\"elementor elementor-3402\" data-elementor-post-type=\"page\">\n\t\t\t\t\t\t<section class=\"elementor-section elementor-top-section elementor-element elementor-element-4c22dc9c elementor-section-boxed elementor-section-height-default elementor-section-height-default\" data-id=\"4c22dc9c\" data-element_type=\"section\">\n\t\t\t\t\t\t<div class=\"elementor-container elementor-column-gap-wide\">\n\t\t\t\t\t<div class=\"elementor-column elementor-col-100 elementor-top-column elementor-element elementor-element-15da3175\" data-id=\"15da3175\" data-element_type=\"column\">\n\t\t\t<div class=\"elementor-widget-wrap elementor-element-populated\">\n\t\t\t\t\t\t<div class=\"elementor-element elementor-element-e4686cf elementor-widget elementor-widget-the7-taxonomy-filter\" data-id=\"e4686cf\" data-element_type=\"widget\" data-widget_type=\"the7-taxonomy-filter.default\">\n\t\t\t\t<div class=\"elementor-widget-container\">\n\t\t\t<div class=\"filter-decorations without-isotope filter filter-pointer-underline filter-animation-fade\"><div class=\"filter-categories\"><a href=\"\/orquidea\/wp-json\/wp\/v2\/pages\/3402\" class=\"show-all filter-item act\">Todos<\/a><a class=\"filter-item\" href=\"\/orquidea\/wp-json\/wp\/v2\/pages\/3402?taxonomy=product_cat&#038;term=devices\" data-filter=\".category-67\">Devices<\/a><a class=\"filter-item\" href=\"\/orquidea\/wp-json\/wp\/v2\/pages\/3402?taxonomy=product_cat&#038;term=fillers\" data-filter=\".category-29\">Fillers<\/a><a class=\"filter-item\" href=\"\/orquidea\/wp-json\/wp\/v2\/pages\/3402?taxonomy=product_cat&#038;term=mallas\" data-filter=\".category-30\">Mallas<\/a><a class=\"filter-item\" href=\"\/orquidea\/wp-json\/wp\/v2\/pages\/3402?taxonomy=product_cat&#038;term=mesoterapia\" data-filter=\".category-31\">Mesoterapia<\/a><a class=\"filter-item\" href=\"\/orquidea\/wp-json\/wp\/v2\/pages\/3402?taxonomy=product_cat&#038;term=peeling\" data-filter=\".category-32\">Peeling<\/a><\/div><\/div>\t\t<\/div>\n\t\t\t\t<\/div>\n\t\t\t\t<div class=\"elementor-element elementor-element-17967c3 layout-icon_with_text btn-position-on_image variations-visible-n variations-type-default show-btn-always onsale-h-position-left onsale-v-position-top label-position-left icon-position-right icon-position-bottom elementor-widget elementor-widget-the7-wc-products\" data-id=\"17967c3\" data-element_type=\"widget\" data-settings=\"{&quot;show_variations&quot;:&quot;n&quot;,&quot;show_add_to_cart&quot;:&quot;y&quot;,&quot;show_btn_on_hover&quot;:&quot;always&quot;}\" data-widget_type=\"the7-wc-products.default\">\n\t\t\t\t<div class=\"elementor-widget-container\">\n\t\t\t<div class=\"products-shortcode the7-elementor-widget loading-effect-none the7-wc-products-17967c3 mode-grid dt-css-grid-wrap cart-btn-on-img  resize-by-browser-width\" data-padding=\"0\" data-cur-page=\"1\" data-wide-desktop-columns-num=\"3\" data-desktop-columns-num=\"3\" data-v-tablet-columns-num=\"2\" data-phone-columns-num=\"1\" data-post-limit=\"-1\" data-pagination-mode=\"standard\" data-scroll-offset=\"\"><div class=\"dt-css-grid custom-pagination-handler\"><div class=\"visible wf-cell product-wrap\" data-post-id=\"8499\">\n\t\t<article class=\"post visible product type-product post-8499 status-publish first instock product_cat-fillers has-post-thumbnail featured virtual sold-individually product-type-simple project-odd\">\n\t\t\t<figure class=\"woocom-project\">\n\t\t\t\t<div class=\"woo-buttons-on-img\">\n\n\t\t\t\t\t<div class=\"img-border\"><a href=\"https:\/\/mccloud.cl\/orquidea\/product\/neauvia-on-road\/\" class=\"alignnone img-wrap layzr-bg img-css-resize-wrapper\"><img fetchpriority=\"high\" decoding=\"async\" width=\"1080\" height=\"1080\" src=\"data:image\/svg+xml,%3Csvg%20xmlns%3D&#039;http%3A%2F%2Fwww.w3.org%2F2000%2Fsvg&#039;%20viewBox%3D&#039;0%200%201080%201080&#039;%2F%3E\" class=\"attachment-full size-full preload-me aspect lazy lazy-load\" alt=\"\" sizes=\"(max-width: 1080px) 100vw, 1080px\" style=\"--ratio: 1080 \/ 1080;\" data-src=\"https:\/\/mccloud.cl\/orquidea\/wp-content\/uploads\/2024\/04\/ejemplo.jpg\" loading=\"eager\" data-srcset=\"https:\/\/mccloud.cl\/orquidea\/wp-content\/uploads\/2024\/04\/ejemplo.jpg 1080w, https:\/\/mccloud.cl\/orquidea\/wp-content\/uploads\/2024\/04\/ejemplo-300x300.jpg 300w, https:\/\/mccloud.cl\/orquidea\/wp-content\/uploads\/2024\/04\/ejemplo-1024x1024.jpg 1024w, https:\/\/mccloud.cl\/orquidea\/wp-content\/uploads\/2024\/04\/ejemplo-150x150.jpg 150w, https:\/\/mccloud.cl\/orquidea\/wp-content\/uploads\/2024\/04\/ejemplo-768x768.jpg 768w, https:\/\/mccloud.cl\/orquidea\/wp-content\/uploads\/2024\/04\/ejemplo-900x900.jpg 900w, https:\/\/mccloud.cl\/orquidea\/wp-content\/uploads\/2024\/04\/ejemplo-200x200.jpg 200w\" \/><\/a><\/div><div class=\"woo-list-buttons\"><a data-product_id=\"8499\" data-product_sku=\"001-1-1-1-1-1-1-1-1-1-1-1-1-1\" aria-label=\"Read more about &ldquo;NEAUVIA On Road&rdquo;\" rel=\"nofollow\" href=\"https:\/\/mccloud.cl\/orquidea\/product\/neauvia-on-road\/\" data-quantity=\"1\" data-widget-id=\"17967c3\" class=\"product_type_simple woo-popup-button box-button elementor-button\"><span class=\"filter-popup\">Read more<\/span><span class=\"svg-background popup-icon\"><svg xmlns=\"http:\/\/www.w3.org\/2000\/svg\" viewBox=\"0 0 24 24\" width=\"24\" height=\"24\"><path fill=\"none\" d=\"M0 0h24v24H0z\"><\/path><path d=\"M15.366 3.438L18.577 9H22v2h-1.167l-.757 9.083a1 1 0 0 1-.996.917H4.92a1 1 0 0 1-.996-.917L3.166 11H2V9h3.422l3.212-5.562 1.732 1L7.732 9h8.535l-2.633-4.562 1.732-1zM18.826 11H5.173l.667 8h12.319l.667-8zM13 13v4h-2v-4h2zm-4 0v4H7v-4h2zm8 0v4h-2v-4h2z\"><\/path><\/svg><\/span><\/a><\/div>\n\t\t\t\t<\/div>\n\t\t\t\t<figcaption class=\"woocom-list-content\">\n\n\t\t\t\t\t<h4 class=\"product-title \"><a href=\"https:\/\/mccloud.cl\/orquidea\/product\/neauvia-on-road\/\" title=\"NEAUVIA On Road\" rel=\"bookmark\">NEAUVIA On Road<\/a><\/h4>\n\t\t\t\t<\/figcaption>\n\t\t\t<\/figure>\n\t\t<\/article>\n\n\t\t<\/div><div class=\"visible wf-cell product-wrap\" data-post-id=\"8498\">\n\t\t<article class=\"post visible product type-product post-8498 status-publish instock product_cat-mesoterapia has-post-thumbnail featured downloadable virtual sold-individually product-type-simple project-odd\">\n\t\t\t<figure class=\"woocom-project\">\n\t\t\t\t<div class=\"woo-buttons-on-img\">\n\n\t\t\t\t\t<div class=\"img-border\"><a href=\"https:\/\/mccloud.cl\/orquidea\/product\/fusion-meso-coach\/\" class=\"alignnone img-wrap layzr-bg img-css-resize-wrapper\"><img decoding=\"async\" width=\"1260\" height=\"1260\" src=\"data:image\/svg+xml,%3Csvg%20xmlns%3D&#039;http%3A%2F%2Fwww.w3.org%2F2000%2Fsvg&#039;%20viewBox%3D&#039;0%200%201260%201260&#039;%2F%3E\" class=\"attachment-full size-full preload-me aspect lazy lazy-load\" alt=\"\" sizes=\"(max-width: 1260px) 100vw, 1260px\" style=\"--ratio: 1260 \/ 1260;\" data-src=\"https:\/\/mccloud.cl\/orquidea\/wp-content\/uploads\/2024\/04\/FUSION-Mesoterapia-Coach.jpg\" loading=\"eager\" data-srcset=\"https:\/\/mccloud.cl\/orquidea\/wp-content\/uploads\/2024\/04\/FUSION-Mesoterapia-Coach.jpg 1260w, https:\/\/mccloud.cl\/orquidea\/wp-content\/uploads\/2024\/04\/FUSION-Mesoterapia-Coach-300x300.jpg 300w, https:\/\/mccloud.cl\/orquidea\/wp-content\/uploads\/2024\/04\/FUSION-Mesoterapia-Coach-1024x1024.jpg 1024w, https:\/\/mccloud.cl\/orquidea\/wp-content\/uploads\/2024\/04\/FUSION-Mesoterapia-Coach-150x150.jpg 150w, https:\/\/mccloud.cl\/orquidea\/wp-content\/uploads\/2024\/04\/FUSION-Mesoterapia-Coach-768x768.jpg 768w, https:\/\/mccloud.cl\/orquidea\/wp-content\/uploads\/2024\/04\/FUSION-Mesoterapia-Coach-900x900.jpg 900w, https:\/\/mccloud.cl\/orquidea\/wp-content\/uploads\/2024\/04\/FUSION-Mesoterapia-Coach-1200x1200.jpg 1200w, https:\/\/mccloud.cl\/orquidea\/wp-content\/uploads\/2024\/04\/FUSION-Mesoterapia-Coach-200x200.jpg 200w\" \/><\/a><\/div><div class=\"woo-list-buttons\"><a data-product_id=\"8498\" data-product_sku=\"001-1-1-1-1-1-1-1-1-1-1-1-1\" aria-label=\"Read more about &ldquo;FUSION Meso Coach&rdquo;\" rel=\"nofollow\" href=\"https:\/\/mccloud.cl\/orquidea\/product\/fusion-meso-coach\/\" data-quantity=\"1\" data-widget-id=\"17967c3\" class=\"product_type_simple woo-popup-button box-button elementor-button\"><span class=\"filter-popup\">Read more<\/span><span class=\"svg-background popup-icon\"><svg xmlns=\"http:\/\/www.w3.org\/2000\/svg\" viewBox=\"0 0 24 24\" width=\"24\" height=\"24\"><path fill=\"none\" d=\"M0 0h24v24H0z\"><\/path><path d=\"M15.366 3.438L18.577 9H22v2h-1.167l-.757 9.083a1 1 0 0 1-.996.917H4.92a1 1 0 0 1-.996-.917L3.166 11H2V9h3.422l3.212-5.562 1.732 1L7.732 9h8.535l-2.633-4.562 1.732-1zM18.826 11H5.173l.667 8h12.319l.667-8zM13 13v4h-2v-4h2zm-4 0v4H7v-4h2zm8 0v4h-2v-4h2z\"><\/path><\/svg><\/span><\/a><\/div>\n\t\t\t\t<\/div>\n\t\t\t\t<figcaption class=\"woocom-list-content\">\n\n\t\t\t\t\t<h4 class=\"product-title \"><a href=\"https:\/\/mccloud.cl\/orquidea\/product\/fusion-meso-coach\/\" title=\"FUSION Meso Coach\" rel=\"bookmark\">FUSION Meso Coach<\/a><\/h4>\n\t\t\t\t<\/figcaption>\n\t\t\t<\/figure>\n\t\t<\/article>\n\n\t\t<\/div><div class=\"visible wf-cell product-wrap\" data-post-id=\"8497\">\n\t\t<article class=\"post visible product type-product post-8497 status-publish instock product_cat-mallas has-post-thumbnail featured downloadable virtual sold-individually product-type-simple project-odd\">\n\t\t\t<figure class=\"woocom-project\">\n\t\t\t\t<div class=\"woo-buttons-on-img\">\n\n\t\t\t\t\t<div class=\"img-border\"><a href=\"https:\/\/mccloud.cl\/orquidea\/product\/tesslift-workshop\/\" class=\"alignnone img-wrap layzr-bg img-css-resize-wrapper\"><img decoding=\"async\" width=\"1080\" height=\"1080\" src=\"data:image\/svg+xml,%3Csvg%20xmlns%3D&#039;http%3A%2F%2Fwww.w3.org%2F2000%2Fsvg&#039;%20viewBox%3D&#039;0%200%201080%201080&#039;%2F%3E\" class=\"attachment-full size-full preload-me aspect lazy lazy-load\" alt=\"\" sizes=\"(max-width: 1080px) 100vw, 1080px\" style=\"--ratio: 1080 \/ 1080;\" data-src=\"https:\/\/mccloud.cl\/orquidea\/wp-content\/uploads\/2024\/04\/ejemplo3.jpg\" loading=\"eager\" data-srcset=\"https:\/\/mccloud.cl\/orquidea\/wp-content\/uploads\/2024\/04\/ejemplo3.jpg 1080w, https:\/\/mccloud.cl\/orquidea\/wp-content\/uploads\/2024\/04\/ejemplo3-300x300.jpg 300w, https:\/\/mccloud.cl\/orquidea\/wp-content\/uploads\/2024\/04\/ejemplo3-1024x1024.jpg 1024w, https:\/\/mccloud.cl\/orquidea\/wp-content\/uploads\/2024\/04\/ejemplo3-150x150.jpg 150w, https:\/\/mccloud.cl\/orquidea\/wp-content\/uploads\/2024\/04\/ejemplo3-768x768.jpg 768w, https:\/\/mccloud.cl\/orquidea\/wp-content\/uploads\/2024\/04\/ejemplo3-900x900.jpg 900w, https:\/\/mccloud.cl\/orquidea\/wp-content\/uploads\/2024\/04\/ejemplo3-200x200.jpg 200w\" \/><\/a><\/div><div class=\"woo-list-buttons\"><a data-product_id=\"8497\" data-product_sku=\"001-1-1-1-1-1-1-1-1-1-1-1\" aria-label=\"Read more about &ldquo;TESSLIFT workshop&rdquo;\" rel=\"nofollow\" href=\"https:\/\/mccloud.cl\/orquidea\/product\/tesslift-workshop\/\" data-quantity=\"1\" data-widget-id=\"17967c3\" class=\"product_type_simple woo-popup-button box-button elementor-button\"><span class=\"filter-popup\">Read more<\/span><span class=\"svg-background popup-icon\"><svg xmlns=\"http:\/\/www.w3.org\/2000\/svg\" viewBox=\"0 0 24 24\" width=\"24\" height=\"24\"><path fill=\"none\" d=\"M0 0h24v24H0z\"><\/path><path d=\"M15.366 3.438L18.577 9H22v2h-1.167l-.757 9.083a1 1 0 0 1-.996.917H4.92a1 1 0 0 1-.996-.917L3.166 11H2V9h3.422l3.212-5.562 1.732 1L7.732 9h8.535l-2.633-4.562 1.732-1zM18.826 11H5.173l.667 8h12.319l.667-8zM13 13v4h-2v-4h2zm-4 0v4H7v-4h2zm8 0v4h-2v-4h2z\"><\/path><\/svg><\/span><\/a><\/div>\n\t\t\t\t<\/div>\n\t\t\t\t<figcaption class=\"woocom-list-content\">\n\n\t\t\t\t\t<h4 class=\"product-title \"><a href=\"https:\/\/mccloud.cl\/orquidea\/product\/tesslift-workshop\/\" title=\"TESSLIFT workshop\" rel=\"bookmark\">TESSLIFT workshop<\/a><\/h4>\n\t\t\t\t<\/figcaption>\n\t\t\t<\/figure>\n\t\t<\/article>\n\n\t\t<\/div><div class=\"visible wf-cell product-wrap\" data-post-id=\"8496\">\n\t\t<article class=\"post visible product type-product post-8496 status-publish last instock product_cat-peeling has-post-thumbnail featured downloadable virtual sold-individually product-type-simple project-odd\">\n\t\t\t<figure class=\"woocom-project\">\n\t\t\t\t<div class=\"woo-buttons-on-img\">\n\n\t\t\t\t\t<div class=\"img-border\"><a href=\"https:\/\/mccloud.cl\/orquidea\/product\/ekseption-meetings\/\" class=\"alignnone img-wrap layzr-bg img-css-resize-wrapper\"><img decoding=\"async\" width=\"1279\" height=\"1279\" src=\"data:image\/svg+xml,%3Csvg%20xmlns%3D&#039;http%3A%2F%2Fwww.w3.org%2F2000%2Fsvg&#039;%20viewBox%3D&#039;0%200%201279%201279&#039;%2F%3E\" class=\"attachment-full size-full preload-me aspect lazy lazy-load\" alt=\"\" sizes=\"(max-width: 1279px) 100vw, 1279px\" style=\"--ratio: 1279 \/ 1279;\" data-src=\"https:\/\/mccloud.cl\/orquidea\/wp-content\/uploads\/2024\/04\/EKSEPTION-meetings.jpg\" loading=\"eager\" data-srcset=\"https:\/\/mccloud.cl\/orquidea\/wp-content\/uploads\/2024\/04\/EKSEPTION-meetings.jpg 1279w, https:\/\/mccloud.cl\/orquidea\/wp-content\/uploads\/2024\/04\/EKSEPTION-meetings-300x300.jpg 300w, https:\/\/mccloud.cl\/orquidea\/wp-content\/uploads\/2024\/04\/EKSEPTION-meetings-1024x1024.jpg 1024w, https:\/\/mccloud.cl\/orquidea\/wp-content\/uploads\/2024\/04\/EKSEPTION-meetings-150x150.jpg 150w, https:\/\/mccloud.cl\/orquidea\/wp-content\/uploads\/2024\/04\/EKSEPTION-meetings-768x768.jpg 768w, https:\/\/mccloud.cl\/orquidea\/wp-content\/uploads\/2024\/04\/EKSEPTION-meetings-900x900.jpg 900w, https:\/\/mccloud.cl\/orquidea\/wp-content\/uploads\/2024\/04\/EKSEPTION-meetings-1200x1200.jpg 1200w, https:\/\/mccloud.cl\/orquidea\/wp-content\/uploads\/2024\/04\/EKSEPTION-meetings-200x200.jpg 200w\" \/><\/a><\/div><div class=\"woo-list-buttons\"><a data-product_id=\"8496\" data-product_sku=\"001-1-1-1-1-1-1-1-1-1-1\" aria-label=\"Read more about &ldquo;EKSEPTION meetings&rdquo;\" rel=\"nofollow\" href=\"https:\/\/mccloud.cl\/orquidea\/product\/ekseption-meetings\/\" data-quantity=\"1\" data-widget-id=\"17967c3\" class=\"product_type_simple woo-popup-button box-button elementor-button\"><span class=\"filter-popup\">Read more<\/span><span class=\"svg-background popup-icon\"><svg xmlns=\"http:\/\/www.w3.org\/2000\/svg\" viewBox=\"0 0 24 24\" width=\"24\" height=\"24\"><path fill=\"none\" d=\"M0 0h24v24H0z\"><\/path><path d=\"M15.366 3.438L18.577 9H22v2h-1.167l-.757 9.083a1 1 0 0 1-.996.917H4.92a1 1 0 0 1-.996-.917L3.166 11H2V9h3.422l3.212-5.562 1.732 1L7.732 9h8.535l-2.633-4.562 1.732-1zM18.826 11H5.173l.667 8h12.319l.667-8zM13 13v4h-2v-4h2zm-4 0v4H7v-4h2zm8 0v4h-2v-4h2z\"><\/path><\/svg><\/span><\/a><\/div>\n\t\t\t\t<\/div>\n\t\t\t\t<figcaption class=\"woocom-list-content\">\n\n\t\t\t\t\t<h4 class=\"product-title \"><a href=\"https:\/\/mccloud.cl\/orquidea\/product\/ekseption-meetings\/\" title=\"EKSEPTION meetings\" rel=\"bookmark\">EKSEPTION meetings<\/a><\/h4>\n\t\t\t\t<\/figcaption>\n\t\t\t<\/figure>\n\t\t<\/article>\n\n\t\t<\/div><div class=\"visible wf-cell product-wrap\" data-post-id=\"8495\">\n\t\t<article class=\"post visible product type-product post-8495 status-publish first instock product_cat-devices has-post-thumbnail featured downloadable virtual sold-individually product-type-simple project-odd\">\n\t\t\t<figure class=\"woocom-project\">\n\t\t\t\t<div class=\"woo-buttons-on-img\">\n\n\t\t\t\t\t<div class=\"img-border\"><a href=\"https:\/\/mccloud.cl\/orquidea\/product\/neauvia-demo-devices\/\" class=\"alignnone img-wrap layzr-bg img-css-resize-wrapper\"><img decoding=\"async\" width=\"710\" height=\"710\" src=\"data:image\/svg+xml,%3Csvg%20xmlns%3D&#039;http%3A%2F%2Fwww.w3.org%2F2000%2Fsvg&#039;%20viewBox%3D&#039;0%200%20710%20710&#039;%2F%3E\" class=\"attachment-full size-full preload-me aspect lazy lazy-load\" alt=\"\" sizes=\"(max-width: 710px) 100vw, 710px\" style=\"--ratio: 710 \/ 710;\" data-src=\"https:\/\/mccloud.cl\/orquidea\/wp-content\/uploads\/2024\/04\/NEAUVIA-Demo-Devices.jpg\" loading=\"eager\" data-srcset=\"https:\/\/mccloud.cl\/orquidea\/wp-content\/uploads\/2024\/04\/NEAUVIA-Demo-Devices.jpg 710w, https:\/\/mccloud.cl\/orquidea\/wp-content\/uploads\/2024\/04\/NEAUVIA-Demo-Devices-300x300.jpg 300w, https:\/\/mccloud.cl\/orquidea\/wp-content\/uploads\/2024\/04\/NEAUVIA-Demo-Devices-150x150.jpg 150w, https:\/\/mccloud.cl\/orquidea\/wp-content\/uploads\/2024\/04\/NEAUVIA-Demo-Devices-200x200.jpg 200w\" \/><\/a><\/div><div class=\"woo-list-buttons\"><a data-product_id=\"8495\" data-product_sku=\"001-1-1-1-1-1-1-1-1-1\" aria-label=\"Read more about &ldquo;NEAUVIA Demo Devices&rdquo;\" rel=\"nofollow\" href=\"https:\/\/mccloud.cl\/orquidea\/product\/neauvia-demo-devices\/\" data-quantity=\"1\" data-widget-id=\"17967c3\" class=\"product_type_simple woo-popup-button box-button elementor-button\"><span class=\"filter-popup\">Read more<\/span><span class=\"svg-background popup-icon\"><svg xmlns=\"http:\/\/www.w3.org\/2000\/svg\" viewBox=\"0 0 24 24\" width=\"24\" height=\"24\"><path fill=\"none\" d=\"M0 0h24v24H0z\"><\/path><path d=\"M15.366 3.438L18.577 9H22v2h-1.167l-.757 9.083a1 1 0 0 1-.996.917H4.92a1 1 0 0 1-.996-.917L3.166 11H2V9h3.422l3.212-5.562 1.732 1L7.732 9h8.535l-2.633-4.562 1.732-1zM18.826 11H5.173l.667 8h12.319l.667-8zM13 13v4h-2v-4h2zm-4 0v4H7v-4h2zm8 0v4h-2v-4h2z\"><\/path><\/svg><\/span><\/a><\/div>\n\t\t\t\t<\/div>\n\t\t\t\t<figcaption class=\"woocom-list-content\">\n\n\t\t\t\t\t<h4 class=\"product-title \"><a href=\"https:\/\/mccloud.cl\/orquidea\/product\/neauvia-demo-devices\/\" title=\"NEAUVIA Demo Devices\" rel=\"bookmark\">NEAUVIA Demo Devices<\/a><\/h4>\n\t\t\t\t<\/figcaption>\n\t\t\t<\/figure>\n\t\t<\/article>\n\n\t\t<\/div><\/div><\/div><div class=\"hidden added-to-cart-icon-template\"><span class=\"svg-background popup-icon\"><svg xmlns=\"http:\/\/www.w3.org\/2000\/svg\" viewBox=\"0 0 24 24\" width=\"24\" height=\"24\"><path fill=\"none\" d=\"M0 0h24v24H0z\"><\/path><path d=\"M15.366 3.438L18.577 9H22v2h-1.167l-.757 9.083a1 1 0 0 1-.996.917H4.92a1 1 0 0 1-.996-.917L3.166 11H2V9h3.422l3.212-5.562 1.732 1L7.732 9h8.535l-2.633-4.562 1.732-1zM18.826 11H5.173l.667 8h12.319l.667-8zM13 13v4h-2v-4h2zm-4 0v4H7v-4h2zm8 0v4h-2v-4h2z\"><\/path><\/svg><\/span><\/div>\t\t<\/div>\n\t\t\t\t<\/div>\n\t\t\t\t\t<\/div>\n\t\t<\/div>\n\t\t\t\t\t<\/div>\n\t\t<\/section>\n\t\t\t\t<\/div>\n\t\t","protected":false},"excerpt":{"rendered":"<p>TodosDevicesFillersMallasMesoterapiaPeeling Leer m\u00e1s Neauvia On Road Leer m\u00e1s FUSION Meso Coach Leer m\u00e1s WORKSHOP Tesslift Leer m\u00e1s ORQU\u00cdDEA SESSIONS Leer m\u00e1s ORQU\u00cdDEA MEETINGS<\/p>\n","protected":false},"author":1,"featured_media":0,"parent":0,"menu_order":35,"comment_status":"closed","ping_status":"closed","template":"","meta":{"_mc_calendar":[],"footnotes":""},"class_list":["post-3402","page","type-page","status-publish","hentry"],"_links":{"self":[{"href":"https:\/\/mccloud.cl\/orquidea\/wp-json\/wp\/v2\/pages\/3402","targetHints":{"allow":["GET"]}}],"collection":[{"href":"https:\/\/mccloud.cl\/orquidea\/wp-json\/wp\/v2\/pages"}],"about":[{"href":"https:\/\/mccloud.cl\/orquidea\/wp-json\/wp\/v2\/types\/page"}],"author":[{"embeddable":true,"href":"https:\/\/mccloud.cl\/orquidea\/wp-json\/wp\/v2\/users\/1"}],"replies":[{"embeddable":true,"href":"https:\/\/mccloud.cl\/orquidea\/wp-json\/wp\/v2\/comments?post=3402"}],"version-history":[{"count":15,"href":"https:\/\/mccloud.cl\/orquidea\/wp-json\/wp\/v2\/pages\/3402\/revisions"}],"predecessor-version":[{"id":8652,"href":"https:\/\/mccloud.cl\/orquidea\/wp-json\/wp\/v2\/pages\/3402\/revisions\/8652"}],"wp:attachment":[{"href":"https:\/\/mccloud.cl\/orquidea\/wp-json\/wp\/v2\/media?parent=3402"}],"curies":[{"name":"wp","href":"https:\/\/api.w.org\/{rel}","templated":true}]}}