{"id":36404,"date":"2024-12-18T16:18:24","date_gmt":"2024-12-18T19:18:24","guid":{"rendered":"https:\/\/mccloud.cl\/cwo\/?page_id=36404"},"modified":"2024-12-18T16:19:49","modified_gmt":"2024-12-18T19:19:49","slug":"estandares-de-referencia","status":"publish","type":"page","link":"https:\/\/mccloud.cl\/cwo\/estandares-de-referencia\/","title":{"rendered":"Est\u00e1ndares de Referencia"},"content":{"rendered":"\t\t<div data-elementor-type=\"wp-page\" data-elementor-id=\"36404\" class=\"elementor elementor-36404\" data-elementor-post-type=\"page\">\n\t\t\t\t<div class=\"elementor-element elementor-element-3119262a e-con-full e-flex e-con e-parent\" data-id=\"3119262a\" data-element_type=\"container\">\n\t\t<div class=\"elementor-element elementor-element-7538c40c e-flex e-con-boxed e-con e-child\" data-id=\"7538c40c\" data-element_type=\"container\">\n\t\t\t\t\t<div class=\"e-con-inner\">\n\t\t<div class=\"elementor-element elementor-element-7c7fd033 e-con-full e-flex e-con e-child\" data-id=\"7c7fd033\" data-element_type=\"container\">\n\t\t\t\t<div class=\"elementor-element elementor-element-2c615a0d content-align-right the7-hover-visibility-disabled preserve-img-ratio-cover transform-overlay-yes exceeding-frame-yes elementor-widget elementor-widget-the7-image-widget\" data-id=\"2c615a0d\" data-element_type=\"widget\" data-settings=\"{&quot;hover_visibility&quot;:&quot;disabled&quot;}\" data-widget_type=\"the7-image-widget.default\">\n\t\t\t\t<div class=\"elementor-widget-container\">\n\t\t\t<div class=\"the7-image-container\"><div class=\"the7-image-wrapper the7-elementor-widget the7-transform-container\"><div class=\"post-thumbnail-rollover layzr-bg img-css-resize-wrapper\"><img fetchpriority=\"high\" decoding=\"async\" width=\"2250\" height=\"2250\" src=\"data:image\/svg+xml,%3Csvg%20xmlns%3D&#039;http%3A%2F%2Fwww.w3.org%2F2000%2Fsvg&#039;%20viewBox%3D&#039;0%200%202250%202250&#039;%2F%3E\" class=\"attachment-full size-full preload-me aspect lazy lazy-load\" alt=\"\" sizes=\"(max-width: 2250px) 100vw, 2250px\" style=\"--ratio: 2250 \/ 2250;\" data-src=\"https:\/\/mccloud.cl\/cwo\/wp-content\/uploads\/2024\/09\/img2250x1500-020.jpg\" loading=\"eager\" data-srcset=\"https:\/\/mccloud.cl\/cwo\/wp-content\/uploads\/2024\/09\/img2250x1500-020.jpg 2250w, https:\/\/mccloud.cl\/cwo\/wp-content\/uploads\/2024\/09\/img2250x1500-020-300x300.jpg 300w, https:\/\/mccloud.cl\/cwo\/wp-content\/uploads\/2024\/09\/img2250x1500-020-1024x1024.jpg 1024w, https:\/\/mccloud.cl\/cwo\/wp-content\/uploads\/2024\/09\/img2250x1500-020-150x150.jpg 150w, https:\/\/mccloud.cl\/cwo\/wp-content\/uploads\/2024\/09\/img2250x1500-020-768x768.jpg 768w, https:\/\/mccloud.cl\/cwo\/wp-content\/uploads\/2024\/09\/img2250x1500-020-1536x1536.jpg 1536w, https:\/\/mccloud.cl\/cwo\/wp-content\/uploads\/2024\/09\/img2250x1500-020-2048x2048.jpg 2048w, https:\/\/mccloud.cl\/cwo\/wp-content\/uploads\/2024\/09\/img2250x1500-020-1000x1000.jpg 1000w, https:\/\/mccloud.cl\/cwo\/wp-content\/uploads\/2024\/09\/img2250x1500-020-200x200.jpg 200w\" \/><\/div><\/div><\/div>\t\t<\/div>\n\t\t\t\t<\/div>\n\t\t\t\t<\/div>\n\t\t<div class=\"elementor-element elementor-element-3c7c5a5b e-con-full e-flex e-con e-child\" data-id=\"3c7c5a5b\" data-element_type=\"container\">\n\t\t\t\t<div class=\"elementor-element elementor-element-6eddd973 elementor-widget elementor-widget-the7-heading\" data-id=\"6eddd973\" data-element_type=\"widget\" data-widget_type=\"the7-heading.default\">\n\t\t\t\t<div class=\"elementor-widget-container\">\n\t\t\t<h2 class=\"the7-heading-title elementor-size-default\">Servicios<\/h2>\t\t<\/div>\n\t\t\t\t<\/div>\n\t\t\t\t<div class=\"elementor-element elementor-element-537d4af2 elementor-widget-tablet__width-inherit elementor-widget elementor-widget-text-editor\" data-id=\"537d4af2\" data-element_type=\"widget\" data-widget_type=\"text-editor.default\">\n\t\t\t\t<div class=\"elementor-widget-container\">\n\t\t\t\t\t\t\tEst\u00e1ndares de Referencia\t\t\t\t\t\t<\/div>\n\t\t\t\t<\/div>\n\t\t\t\t<div class=\"elementor-element elementor-element-4df77831 elementor-widget-tablet__width-inherit elementor-widget elementor-widget-text-editor\" data-id=\"4df77831\" data-element_type=\"widget\" data-widget_type=\"text-editor.default\">\n\t\t\t\t<div class=\"elementor-widget-container\">\n\t\t\t\t\t\t\tLa confianza en su trabajo se ve reforzada por el uso de est\u00e1ndares. CWO lo acercar\u00e1 a los est\u00e1ndares primarios USP, con lo cual usted podr\u00e1 certificar y garantizar la calidad en la investigaci\u00f3n, desarrollo y fabricaci\u00f3n de sus productos. Los est\u00e1ndares de referencia USP han sido rigurosamente analizados, probados y aprobados por m\u00faltiples laboratorios, entes regulatorios y acad\u00e9micos independientes, lo cual no hace m\u00e1s que confirmar la precisi\u00f3n y la reproducibilidad de dichos est\u00e1ndares.\t\t\t\t\t\t<\/div>\n\t\t\t\t<\/div>\n\t\t\t\t<\/div>\n\t\t\t\t\t<\/div>\n\t\t\t\t<\/div>\n\t\t\t\t<div class=\"elementor-element elementor-element-2b55ca34 elementor-widget elementor-widget-spacer\" data-id=\"2b55ca34\" data-element_type=\"widget\" data-widget_type=\"spacer.default\">\n\t\t\t\t<div class=\"elementor-widget-container\">\n\t\t\t\t\t<div class=\"elementor-spacer\">\n\t\t\t<div class=\"elementor-spacer-inner\"><\/div>\n\t\t<\/div>\n\t\t\t\t<\/div>\n\t\t\t\t<\/div>\n\t\t\t\t<\/div>\n\t\t\t\t<\/div>\n\t\t","protected":false},"excerpt":{"rendered":"<p>Servicios Est\u00e1ndares de ReferenciaLa confianza en su trabajo se ve reforzada por el uso de est\u00e1ndares. CWO lo acercar\u00e1 a los est\u00e1ndares primarios USP, con lo cual usted podr\u00e1 certificar y garantizar la calidad en la investigaci\u00f3n, desarrollo y fabricaci\u00f3n de sus productos. Los est\u00e1ndares de referencia USP han sido rigurosamente analizados, probados y aprobados&hellip;<\/p>\n","protected":false},"author":1,"featured_media":0,"parent":0,"menu_order":0,"comment_status":"closed","ping_status":"closed","template":"","meta":{"footnotes":""},"class_list":["post-36404","page","type-page","status-publish","hentry"],"_links":{"self":[{"href":"https:\/\/mccloud.cl\/cwo\/wp-json\/wp\/v2\/pages\/36404","targetHints":{"allow":["GET"]}}],"collection":[{"href":"https:\/\/mccloud.cl\/cwo\/wp-json\/wp\/v2\/pages"}],"about":[{"href":"https:\/\/mccloud.cl\/cwo\/wp-json\/wp\/v2\/types\/page"}],"author":[{"embeddable":true,"href":"https:\/\/mccloud.cl\/cwo\/wp-json\/wp\/v2\/users\/1"}],"replies":[{"embeddable":true,"href":"https:\/\/mccloud.cl\/cwo\/wp-json\/wp\/v2\/comments?post=36404"}],"version-history":[{"count":4,"href":"https:\/\/mccloud.cl\/cwo\/wp-json\/wp\/v2\/pages\/36404\/revisions"}],"predecessor-version":[{"id":36408,"href":"https:\/\/mccloud.cl\/cwo\/wp-json\/wp\/v2\/pages\/36404\/revisions\/36408"}],"wp:attachment":[{"href":"https:\/\/mccloud.cl\/cwo\/wp-json\/wp\/v2\/media?parent=36404"}],"curies":[{"name":"wp","href":"https:\/\/api.w.org\/{rel}","templated":true}]}}