{"id":36326,"date":"2024-11-29T12:19:56","date_gmt":"2024-11-29T15:19:56","guid":{"rendered":"https:\/\/mccloud.cl\/cwo\/?page_id=36326"},"modified":"2024-12-17T01:00:51","modified_gmt":"2024-12-17T04:00:51","slug":"mision-y-vision","status":"publish","type":"page","link":"https:\/\/mccloud.cl\/cwo\/mision-y-vision\/","title":{"rendered":"Misi\u00f3n y Visi\u00f3n"},"content":{"rendered":"\t\t<div data-elementor-type=\"wp-page\" data-elementor-id=\"36326\" class=\"elementor elementor-36326\" data-elementor-post-type=\"page\">\n\t\t\t\t<div class=\"elementor-element elementor-element-3119262a e-con-full e-flex e-con e-parent\" data-id=\"3119262a\" data-element_type=\"container\">\n\t\t<div class=\"elementor-element elementor-element-7538c40c e-flex e-con-boxed e-con e-child\" data-id=\"7538c40c\" data-element_type=\"container\">\n\t\t\t\t\t<div class=\"e-con-inner\">\n\t\t<div class=\"elementor-element elementor-element-7c7fd033 e-con-full e-flex e-con e-child\" data-id=\"7c7fd033\" data-element_type=\"container\">\n\t\t\t\t<div class=\"elementor-element elementor-element-2c615a0d content-align-right the7-hover-visibility-disabled preserve-img-ratio-cover transform-overlay-yes exceeding-frame-yes elementor-widget elementor-widget-the7-image-widget\" data-id=\"2c615a0d\" data-element_type=\"widget\" data-settings=\"{&quot;hover_visibility&quot;:&quot;disabled&quot;}\" data-widget_type=\"the7-image-widget.default\">\n\t\t\t\t<div class=\"elementor-widget-container\">\n\t\t\t<div class=\"the7-image-container\"><div class=\"the7-image-wrapper the7-elementor-widget the7-transform-container\"><div class=\"post-thumbnail-rollover layzr-bg img-css-resize-wrapper\"><img fetchpriority=\"high\" decoding=\"async\" width=\"2250\" height=\"2250\" src=\"data:image\/svg+xml,%3Csvg%20xmlns%3D&#039;http%3A%2F%2Fwww.w3.org%2F2000%2Fsvg&#039;%20viewBox%3D&#039;0%200%202250%202250&#039;%2F%3E\" class=\"attachment-full size-full preload-me aspect lazy lazy-load\" alt=\"\" sizes=\"(max-width: 2250px) 100vw, 2250px\" style=\"--ratio: 2250 \/ 2250;\" data-src=\"https:\/\/mccloud.cl\/cwo\/wp-content\/uploads\/2024\/09\/img2250x1500-020.jpg\" loading=\"eager\" data-srcset=\"https:\/\/mccloud.cl\/cwo\/wp-content\/uploads\/2024\/09\/img2250x1500-020.jpg 2250w, https:\/\/mccloud.cl\/cwo\/wp-content\/uploads\/2024\/09\/img2250x1500-020-300x300.jpg 300w, https:\/\/mccloud.cl\/cwo\/wp-content\/uploads\/2024\/09\/img2250x1500-020-1024x1024.jpg 1024w, https:\/\/mccloud.cl\/cwo\/wp-content\/uploads\/2024\/09\/img2250x1500-020-150x150.jpg 150w, https:\/\/mccloud.cl\/cwo\/wp-content\/uploads\/2024\/09\/img2250x1500-020-768x768.jpg 768w, https:\/\/mccloud.cl\/cwo\/wp-content\/uploads\/2024\/09\/img2250x1500-020-1536x1536.jpg 1536w, https:\/\/mccloud.cl\/cwo\/wp-content\/uploads\/2024\/09\/img2250x1500-020-2048x2048.jpg 2048w, https:\/\/mccloud.cl\/cwo\/wp-content\/uploads\/2024\/09\/img2250x1500-020-1000x1000.jpg 1000w, https:\/\/mccloud.cl\/cwo\/wp-content\/uploads\/2024\/09\/img2250x1500-020-200x200.jpg 200w\" \/><\/div><\/div><\/div>\t\t<\/div>\n\t\t\t\t<\/div>\n\t\t\t\t<\/div>\n\t\t<div class=\"elementor-element elementor-element-3c7c5a5b e-con-full e-flex e-con e-child\" data-id=\"3c7c5a5b\" data-element_type=\"container\">\n\t\t\t\t<div class=\"elementor-element elementor-element-6eddd973 elementor-widget elementor-widget-the7-heading\" data-id=\"6eddd973\" data-element_type=\"widget\" data-widget_type=\"the7-heading.default\">\n\t\t\t\t<div class=\"elementor-widget-container\">\n\t\t\t<h2 class=\"the7-heading-title elementor-size-default\">Nosotros<\/h2>\t\t<\/div>\n\t\t\t\t<\/div>\n\t\t\t\t<div class=\"elementor-element elementor-element-537d4af2 elementor-widget-tablet__width-inherit elementor-widget elementor-widget-text-editor\" data-id=\"537d4af2\" data-element_type=\"widget\" data-widget_type=\"text-editor.default\">\n\t\t\t\t<div class=\"elementor-widget-container\">\n\t\t\t\t\t\t\t<p>Misi\u00f3n<\/p>\t\t\t\t\t\t<\/div>\n\t\t\t\t<\/div>\n\t\t\t\t<div class=\"elementor-element elementor-element-4df77831 elementor-widget-tablet__width-inherit elementor-widget elementor-widget-text-editor\" data-id=\"4df77831\" data-element_type=\"widget\" data-widget_type=\"text-editor.default\">\n\t\t\t\t<div class=\"elementor-widget-container\">\n\t\t\t\t\t\t\t<p>Nuestra misi\u00f3n es ayudar a proteger y mejorar la salud de las personas.<\/p>\t\t\t\t\t\t<\/div>\n\t\t\t\t<\/div>\n\t\t\t\t<div class=\"elementor-element elementor-element-a7300df elementor-widget-tablet__width-inherit elementor-widget elementor-widget-text-editor\" data-id=\"a7300df\" data-element_type=\"widget\" data-widget_type=\"text-editor.default\">\n\t\t\t\t<div class=\"elementor-widget-container\">\n\t\t\t\t\t\t\t<p>Visi\u00f3n<\/p>\t\t\t\t\t\t<\/div>\n\t\t\t\t<\/div>\n\t\t\t\t<div class=\"elementor-element elementor-element-171ea18 elementor-widget-tablet__width-inherit elementor-widget elementor-widget-text-editor\" data-id=\"171ea18\" data-element_type=\"widget\" data-widget_type=\"text-editor.default\">\n\t\t\t\t<div class=\"elementor-widget-container\">\n\t\t\t\t\t\t\t<p>Como CWO Chile SpA, nos comprometemos a ofrecer un servicio profesional y completamente personalizado, poniendo a su disposici\u00f3n la totalidad de nuestros est\u00e1ndares, productos y publicaciones de USP. Trabajamos con dedicaci\u00f3n para asegurarnos de que los objetivos de su empresa se conviertan en nuestros propios objetivos.<\/p>\t\t\t\t\t\t<\/div>\n\t\t\t\t<\/div>\n\t\t\t\t<\/div>\n\t\t\t\t\t<\/div>\n\t\t\t\t<\/div>\n\t\t\t\t<div class=\"elementor-element elementor-element-2b55ca34 elementor-widget elementor-widget-spacer\" data-id=\"2b55ca34\" data-element_type=\"widget\" data-widget_type=\"spacer.default\">\n\t\t\t\t<div class=\"elementor-widget-container\">\n\t\t\t\t\t<div class=\"elementor-spacer\">\n\t\t\t<div class=\"elementor-spacer-inner\"><\/div>\n\t\t<\/div>\n\t\t\t\t<\/div>\n\t\t\t\t<\/div>\n\t\t\t\t<\/div>\n\t\t\t\t<\/div>\n\t\t","protected":false},"excerpt":{"rendered":"<p>Nosotros Misi\u00f3n Nuestra misi\u00f3n es ayudar a proteger y mejorar la salud de las personas. Visi\u00f3n Como CWO Chile SpA, nos comprometemos a ofrecer un servicio profesional y completamente personalizado, poniendo a su disposici\u00f3n la totalidad de nuestros est\u00e1ndares, productos y publicaciones de USP. Trabajamos con dedicaci\u00f3n para asegurarnos de que los objetivos de su&hellip;<\/p>\n","protected":false},"author":1,"featured_media":0,"parent":0,"menu_order":0,"comment_status":"closed","ping_status":"closed","template":"","meta":{"footnotes":""},"class_list":["post-36326","page","type-page","status-publish","hentry"],"_links":{"self":[{"href":"https:\/\/mccloud.cl\/cwo\/wp-json\/wp\/v2\/pages\/36326","targetHints":{"allow":["GET"]}}],"collection":[{"href":"https:\/\/mccloud.cl\/cwo\/wp-json\/wp\/v2\/pages"}],"about":[{"href":"https:\/\/mccloud.cl\/cwo\/wp-json\/wp\/v2\/types\/page"}],"author":[{"embeddable":true,"href":"https:\/\/mccloud.cl\/cwo\/wp-json\/wp\/v2\/users\/1"}],"replies":[{"embeddable":true,"href":"https:\/\/mccloud.cl\/cwo\/wp-json\/wp\/v2\/comments?post=36326"}],"version-history":[{"count":10,"href":"https:\/\/mccloud.cl\/cwo\/wp-json\/wp\/v2\/pages\/36326\/revisions"}],"predecessor-version":[{"id":36363,"href":"https:\/\/mccloud.cl\/cwo\/wp-json\/wp\/v2\/pages\/36326\/revisions\/36363"}],"wp:attachment":[{"href":"https:\/\/mccloud.cl\/cwo\/wp-json\/wp\/v2\/media?parent=36326"}],"curies":[{"name":"wp","href":"https:\/\/api.w.org\/{rel}","templated":true}]}}