{"id":15198,"date":"2024-05-17T09:57:31","date_gmt":"2024-05-17T09:57:31","guid":{"rendered":"https:\/\/mccloud.cl\/cwo\/about\/"},"modified":"2024-12-17T00:57:28","modified_gmt":"2024-12-17T03:57:28","slug":"resena","status":"publish","type":"page","link":"https:\/\/mccloud.cl\/cwo\/resena\/","title":{"rendered":"Rese\u00f1a"},"content":{"rendered":"\t\t<div data-elementor-type=\"wp-page\" data-elementor-id=\"15198\" class=\"elementor elementor-15198\" data-elementor-post-type=\"page\">\n\t\t\t\t<div class=\"elementor-element elementor-element-5a3082d e-con-full e-flex e-con e-parent\" data-id=\"5a3082d\" data-element_type=\"container\">\n\t\t<div class=\"elementor-element elementor-element-aceeffd e-flex e-con-boxed e-con e-child\" data-id=\"aceeffd\" data-element_type=\"container\">\n\t\t\t\t\t<div class=\"e-con-inner\">\n\t\t<div class=\"elementor-element elementor-element-1d385d9 e-con-full e-flex e-con e-child\" data-id=\"1d385d9\" data-element_type=\"container\">\n\t\t\t\t<div class=\"elementor-element elementor-element-710301d content-align-right the7-hover-visibility-disabled preserve-img-ratio-cover transform-overlay-yes exceeding-frame-yes elementor-widget elementor-widget-the7-image-widget\" data-id=\"710301d\" data-element_type=\"widget\" data-settings=\"{&quot;hover_visibility&quot;:&quot;disabled&quot;}\" data-widget_type=\"the7-image-widget.default\">\n\t\t\t\t<div class=\"elementor-widget-container\">\n\t\t\t<div class=\"the7-image-container\"><div class=\"the7-image-wrapper the7-elementor-widget the7-transform-container\"><div class=\"post-thumbnail-rollover layzr-bg img-css-resize-wrapper\"><img fetchpriority=\"high\" decoding=\"async\" width=\"2250\" height=\"2250\" src=\"data:image\/svg+xml,%3Csvg%20xmlns%3D&#039;http%3A%2F%2Fwww.w3.org%2F2000%2Fsvg&#039;%20viewBox%3D&#039;0%200%202250%202250&#039;%2F%3E\" class=\"attachment-full size-full preload-me aspect lazy lazy-load\" alt=\"\" sizes=\"(max-width: 2250px) 100vw, 2250px\" style=\"--ratio: 2250 \/ 2250;\" data-src=\"https:\/\/mccloud.cl\/cwo\/wp-content\/uploads\/2024\/09\/img2250x1500-020.jpg\" loading=\"eager\" data-srcset=\"https:\/\/mccloud.cl\/cwo\/wp-content\/uploads\/2024\/09\/img2250x1500-020.jpg 2250w, https:\/\/mccloud.cl\/cwo\/wp-content\/uploads\/2024\/09\/img2250x1500-020-300x300.jpg 300w, https:\/\/mccloud.cl\/cwo\/wp-content\/uploads\/2024\/09\/img2250x1500-020-1024x1024.jpg 1024w, https:\/\/mccloud.cl\/cwo\/wp-content\/uploads\/2024\/09\/img2250x1500-020-150x150.jpg 150w, https:\/\/mccloud.cl\/cwo\/wp-content\/uploads\/2024\/09\/img2250x1500-020-768x768.jpg 768w, https:\/\/mccloud.cl\/cwo\/wp-content\/uploads\/2024\/09\/img2250x1500-020-1536x1536.jpg 1536w, https:\/\/mccloud.cl\/cwo\/wp-content\/uploads\/2024\/09\/img2250x1500-020-2048x2048.jpg 2048w, https:\/\/mccloud.cl\/cwo\/wp-content\/uploads\/2024\/09\/img2250x1500-020-1000x1000.jpg 1000w, https:\/\/mccloud.cl\/cwo\/wp-content\/uploads\/2024\/09\/img2250x1500-020-200x200.jpg 200w\" \/><\/div><\/div><\/div>\t\t<\/div>\n\t\t\t\t<\/div>\n\t\t\t\t<\/div>\n\t\t<div class=\"elementor-element elementor-element-87d48a9 e-con-full e-flex e-con e-child\" data-id=\"87d48a9\" data-element_type=\"container\">\n\t\t\t\t<div class=\"elementor-element elementor-element-7b22b37 elementor-widget elementor-widget-the7-heading\" data-id=\"7b22b37\" data-element_type=\"widget\" data-widget_type=\"the7-heading.default\">\n\t\t\t\t<div class=\"elementor-widget-container\">\n\t\t\t<h2 class=\"the7-heading-title elementor-size-default\">Nosotros<\/h2>\t\t<\/div>\n\t\t\t\t<\/div>\n\t\t\t\t<div class=\"elementor-element elementor-element-0e381f6 elementor-widget-tablet__width-inherit elementor-widget elementor-widget-text-editor\" data-id=\"0e381f6\" data-element_type=\"widget\" data-widget_type=\"text-editor.default\">\n\t\t\t\t<div class=\"elementor-widget-container\">\n\t\t\t\t\t\t\tEmpresa CWO Chile SPA creada hace 7 a\u00f1os con capitales chilenos y formada por un equipo de profesionales id\u00f3neos.\t\t\t\t\t\t<\/div>\n\t\t\t\t<\/div>\n\t\t\t\t<div class=\"elementor-element elementor-element-831938e elementor-widget-tablet__width-inherit elementor-widget elementor-widget-text-editor\" data-id=\"831938e\" data-element_type=\"widget\" data-widget_type=\"text-editor.default\">\n\t\t\t\t<div class=\"elementor-widget-container\">\n\t\t\t\t\t\t\t<p>CWO Chile SpA, es una empresa emergente formada por profesionales con vasta experiencia y con una identidad clara, entregar un servicio de excelencia a nuestros clientes. Acercarlos d\u00eda a d\u00eda a todo el portfolio de USP. Facilitar el acceso a sus productos y programas de capacitaci\u00f3n con el fin de apoyar el crecimiento y reconocimiento de la salud p\u00fablica en Chile. Nos comprometemos a transmitir fielmente los lineamientos que USP nos ha encomendado comunicar \u201cCuidar la Salud en Chile\u201d, con el fin de construir y reforzar los cimientos que nos acerquen a un mundo en el que todos puedan confiar en la calidad de la salud.<\/p>\t\t\t\t\t\t<\/div>\n\t\t\t\t<\/div>\n\t\t<div class=\"elementor-element elementor-element-c590898 e-grid e-con-full e-con e-child\" data-id=\"c590898\" data-element_type=\"container\">\n\t\t<div class=\"elementor-element elementor-element-90cbe11 e-con-full e-flex e-con e-child\" data-id=\"90cbe11\" data-element_type=\"container\">\n\t\t<div class=\"elementor-element elementor-element-165e708 e-con-full e-flex e-con e-child\" data-id=\"165e708\" data-element_type=\"container\">\n\t\t\t\t<div class=\"elementor-element elementor-element-b642826 elementor-widget elementor-widget-the7-heading\" data-id=\"b642826\" data-element_type=\"widget\" data-widget_type=\"the7-heading.default\">\n\t\t\t\t<div class=\"elementor-widget-container\">\n\t\t\t<div class=\"the7-heading-title elementor-size-default\">+<\/div>\t\t<\/div>\n\t\t\t\t<\/div>\n\t\t\t\t<div class=\"elementor-element elementor-element-786e21b elementor-widget elementor-widget-the7-heading\" data-id=\"786e21b\" data-element_type=\"widget\" data-widget_type=\"the7-heading.default\">\n\t\t\t\t<div class=\"elementor-widget-container\">\n\t\t\t<div class=\"the7-heading-title elementor-size-default\">7<\/div>\t\t<\/div>\n\t\t\t\t<\/div>\n\t\t\t\t<\/div>\n\t\t\t\t<div class=\"elementor-element elementor-element-7d00e56 elementor-widget-tablet__width-inherit elementor-widget elementor-widget-text-editor\" data-id=\"7d00e56\" data-element_type=\"widget\" data-widget_type=\"text-editor.default\">\n\t\t\t\t<div class=\"elementor-widget-container\">\n\t\t\t\t\t\t\t<p>A\u00f1os de experiencia<\/p>\t\t\t\t\t\t<\/div>\n\t\t\t\t<\/div>\n\t\t\t\t<\/div>\n\t\t<div class=\"elementor-element elementor-element-da7927b e-con-full e-flex e-con e-child\" data-id=\"da7927b\" data-element_type=\"container\">\n\t\t<div class=\"elementor-element elementor-element-0e4a215 e-con-full e-flex e-con e-child\" data-id=\"0e4a215\" data-element_type=\"container\">\n\t\t\t\t<div class=\"elementor-element elementor-element-743b04f elementor-widget elementor-widget-the7-heading\" data-id=\"743b04f\" data-element_type=\"widget\" data-widget_type=\"the7-heading.default\">\n\t\t\t\t<div class=\"elementor-widget-container\">\n\t\t\t<div class=\"the7-heading-title elementor-size-default\">+<\/div>\t\t<\/div>\n\t\t\t\t<\/div>\n\t\t\t\t<div class=\"elementor-element elementor-element-97d2c48 elementor-widget elementor-widget-the7-heading\" data-id=\"97d2c48\" data-element_type=\"widget\" data-widget_type=\"the7-heading.default\">\n\t\t\t\t<div class=\"elementor-widget-container\">\n\t\t\t<div class=\"the7-heading-title elementor-size-default\">100<\/div>\t\t<\/div>\n\t\t\t\t<\/div>\n\t\t\t\t<\/div>\n\t\t\t\t<div class=\"elementor-element elementor-element-111218e elementor-widget-tablet__width-inherit elementor-widget elementor-widget-text-editor\" data-id=\"111218e\" data-element_type=\"widget\" data-widget_type=\"text-editor.default\">\n\t\t\t\t<div class=\"elementor-widget-container\">\n\t\t\t\t\t\t\t<p>Clientes\u00a0conformes<\/p>\t\t\t\t\t\t<\/div>\n\t\t\t\t<\/div>\n\t\t\t\t<\/div>\n\t\t\t\t<\/div>\n\t\t\t\t<\/div>\n\t\t\t\t\t<\/div>\n\t\t\t\t<\/div>\n\t\t\t\t<div class=\"elementor-element elementor-element-ca1eeff elementor-widget elementor-widget-spacer\" data-id=\"ca1eeff\" data-element_type=\"widget\" data-widget_type=\"spacer.default\">\n\t\t\t\t<div class=\"elementor-widget-container\">\n\t\t\t\t\t<div class=\"elementor-spacer\">\n\t\t\t<div class=\"elementor-spacer-inner\"><\/div>\n\t\t<\/div>\n\t\t\t\t<\/div>\n\t\t\t\t<\/div>\n\t\t\t\t<\/div>\n\t\t\t\t<\/div>\n\t\t","protected":false},"excerpt":{"rendered":"<p>Nosotros Empresa CWO Chile SPA creada hace 7 a\u00f1os con capitales chilenos y formada por un equipo de profesionales id\u00f3neos. CWO Chile SpA, es una empresa emergente formada por profesionales con vasta experiencia y con una identidad clara, entregar un servicio de excelencia a nuestros clientes. Acercarlos d\u00eda a d\u00eda a todo el portfolio de&hellip;<\/p>\n","protected":false},"author":1,"featured_media":0,"parent":0,"menu_order":5,"comment_status":"closed","ping_status":"closed","template":"","meta":{"footnotes":""},"class_list":["post-15198","page","type-page","status-publish","hentry"],"_links":{"self":[{"href":"https:\/\/mccloud.cl\/cwo\/wp-json\/wp\/v2\/pages\/15198","targetHints":{"allow":["GET"]}}],"collection":[{"href":"https:\/\/mccloud.cl\/cwo\/wp-json\/wp\/v2\/pages"}],"about":[{"href":"https:\/\/mccloud.cl\/cwo\/wp-json\/wp\/v2\/types\/page"}],"author":[{"embeddable":true,"href":"https:\/\/mccloud.cl\/cwo\/wp-json\/wp\/v2\/users\/1"}],"replies":[{"embeddable":true,"href":"https:\/\/mccloud.cl\/cwo\/wp-json\/wp\/v2\/comments?post=15198"}],"version-history":[{"count":6,"href":"https:\/\/mccloud.cl\/cwo\/wp-json\/wp\/v2\/pages\/15198\/revisions"}],"predecessor-version":[{"id":36359,"href":"https:\/\/mccloud.cl\/cwo\/wp-json\/wp\/v2\/pages\/15198\/revisions\/36359"}],"wp:attachment":[{"href":"https:\/\/mccloud.cl\/cwo\/wp-json\/wp\/v2\/media?parent=15198"}],"curies":[{"name":"wp","href":"https:\/\/api.w.org\/{rel}","templated":true}]}}